{"id":169,"date":"2020-05-10T08:02:12","date_gmt":"2020-05-10T08:02:12","guid":{"rendered":"https:\/\/photochrome.it\/?page_id=169"},"modified":"2020-05-10T08:12:20","modified_gmt":"2020-05-10T08:12:20","slug":"privacy-policy-2","status":"publish","type":"page","link":"https:\/\/photochrome.it\/?page_id=169","title":{"rendered":"Privacy Policy"},"content":{"rendered":"\r\n<h3 class=\"wp-block-heading\">Informativa sul trattamento dei dati \u00a0resa ai sensi dell\u2019art. 13 del Regolamento Europeo n. 679\/16<\/h3>\r\n<p>La presente informativa \u00e8 resa a tutti gli utenti che navigano e utilizzano il sito \u201c\u00a0<a href=\"http:\/\/photochrome.it\">www.coni.it<\/a>\u201d<\/p>\r\n<p>La validit\u00e0 dell\u2019informativa resa nella presente pagina \u00e8 limitata al solo sito e non si estende alle pagine di altri domini web eventualmente consultabili mediante collegamento ipertestuale.<\/p>\r\n<p>Il titolare del trattamento dei dati raccolti \u00e8 il PHOTOCHROME DI BELLUCCI F. &amp; C. S.A.S Via XI Febbraio 22 \u2013 50053 Empoli P.iva:01699510481<\/p>\r\n<p>Tipologia di dati trattati.<\/p>\r\n<h5>(I) Dati di navigazione.<\/h5>\r\n<p>I sistemi informatici e i software deputati al funzionamento del sito web acquisiscono, nel corso del loro normale funzionamento, alcuni dati personali la cui trasmissione \u00e8 implicita con l\u2019utilizzo dei protocolli di comunicazione di rete; tali informazioni non vengono raccolte per essere associate ad utenti ma, per loro stessa natura, se associate con altri dati in possesso di terzi possono consentire l\u2019identificazione dell\u2019utente. In particolare, rientrano in tale categoria di dati gli indirizzi IP (etichetta numerica che identifica univocamente un dispositivo \u201chost\u201d collegato ad una rete informatica che utilizza l\u2019internet protocol),\u00a0 i nomi di dominio\u00a0 dei computer che si connettono al sito e pi\u00f9 in generale, i parametri relativi al sistema operativo e all\u2019ambiente informatico dell\u2019utente. Tali dati sono utilizzati al solo fine di ottenere informazioni statistiche in forma anonima sull\u2019utilizzo del sito e\/o verificarne il funzionamento e saranno cancellati dopo la loro elaborazione e, quindi, conservati per un periodo di tempo non superiore a quello necessario per gli scopi per i quali sono stati raccolti.<\/p>\r\n<p>Si precisa, inoltre, che tali dati potrebbero essere utilizzati da parte dell\u2019Autorit\u00e0 Giudiziaria\u00a0 per l\u2019accertamento di eventuali reati informatici ai danni del sito e di suoi utenti.<\/p>\r\n<h5>(II) Cookies.<\/h5>\r\n<p>Si tratta di piccoli aggregati di testo registrati localmente nella memoria\u00a0 temporanea del browser dell\u2019utente per periodi di tempo variabili in funzione dell\u2019esigenza. Mediante i cookie \u00e8 possibile registrare in modo semi permanente\u00a0 informazioni relative alla preferenze dell\u2019utente e altri dati tecnici che permettono una navigazione pi\u00f9 agevole e una maggior facilit\u00e0 d\u2019uso (i cookies possono essere usati, ad esempio, per determinare se \u00e8 gi\u00e0 stata effettuata una connessione fra il pc dell\u2019utente\u00a0 ed il sito del Coni per evidenziare novit\u00e0 o mantenere informazioni di login).<\/p>\r\n<p>Sulla base delle diverse funzioni svolte, i cookies possono essere distinti in:<\/p>\r\n<ul>\r\n<li>Cookie tecnici;<\/li>\r\n<li>Cookie analytics;<\/li>\r\n<li>Cookie di profilazione.<br \/><br \/><\/li>\r\n<\/ul>\r\n<p><em><strong>Cookie tecnici:<\/strong><\/em><\/p>\r\n<p>Sono quelli necessari al solo fine di consentire di visitare il sito web e poter fruire dello stesso; i cookie tecnici non vengono utilizzati per scopi\u00a0 ulteriori e sono installati direttamente dal gestore del sito.<\/p>\r\n<p>Possono essere ulteriormente suddivisi in:<\/p>\r\n<p>cookie di navigazione:\u00a0garantiscono la normale navigazione e fruizione del sito, permettendo, ad esempio, di realizzare un acquisto o autenticarsi per accedere ad aree riservate. Si tratta normalmente di cookie di sessione, che vengono eliminati automaticamente quando si chiude il browser di navigazione;<\/p>\r\n<p>cookie di funzionalit\u00e0:\u00a0permettono la navigazione in funzione di una serie di criteri selezionati (ad esempio, la lingua o il paese di provenienza) al fine di migliorare il servizio reso sul sito. Si tratta di cookie persistenti, che rimangono nel computer in uso anche dopo la chiusura del browser di navigazione fino alla data di scadenza prevista per ciascun cookie o fino a quando non venga effettuata una eliminazione manuale. Come previsto dalla normativa vigente in materia di privacy, per l\u2019installazione di tali cookie non \u00e8 richiesto il consenso.<br \/><br \/><\/p>\r\n<p><em><strong>Cookie di monitoraggio o \u201canalytics\u201d:<\/strong><\/em><\/p>\r\n<p>Sono utilizzati per raccogliere informazioni statistiche, in forma aggregata o non, sul numero degli utenti che accedono al Sito e su come questi visitano il Sito stesso. Come previsto dalla normativa vigente in materia di privacy, per l\u2019installazione di cookie analytics di terze parti \u00e8 richiesto il preventivo consenso.<br \/><br \/><\/p>\r\n<p><em><strong>Cookie di profilazione:<\/strong><\/em><\/p>\r\n<p>I cookie di profilazione sono utilizzati per creare un profilo utente, basato sulle preferenze ed i gusti manifestati durante la navigazione su internet e far visualizzare messaggi pubblicitari coerenti con il profilo. Come previsto dalla normativa vigente in materia di privacy, per l\u2019installazione di tali cookie \u00e8 previsto il preventivo consenso.<\/p>\r\n<p>Elenco dei cookie analytics attivi sul Sito:<\/p>\r\n<p>Google Analytics<\/p>\r\n<p>Elenco dei Cookie di profilazione attivi sul Sito:<\/p>\r\n<p>Google:\u00a0<a href=\"http:\/\/www.google.it\/intl\/it\/policies\/privacy\/\">http:\/\/www.google.it\/intl\/it\/policies\/privacy\/<\/a><\/p>\r\n<p>Tutti i cookie di profilazione sono installati da soggetti terzi che agiscono in qualit\u00e0 di autonomi titolari del trattamento (cookie di terze parti).<\/p>\r\n<p>Effettuando il login sul Sito attraverso le credenziali di un social network a cui si \u00e8 iscritti, si riceveranno dei cookie di terza parte dal gestore del social network in questione che, oltre a consentire l\u2019autenticazione sul sito, hanno anche lo scopo di profilazione. Prima di effettuare il login attraverso i pulsanti dedicati ai social network, la preghiamo di legger attentamente l\u2019informativa fornita dai gestori dei social network sull\u2019utilizzo di questi cookie.<\/p>\r\n<p>Di seguito si indicano i social network che sono utilizzati sul sito, con l\u2019indicazione del link alle pagine informative create dai loro proprietari:<\/p>\r\n<p>Facebook:\u00a0<a href=\"https:\/\/www.facebook.com\/help\/cookies\/update\">https:\/\/www.facebook.com\/help\/cookies\/update<\/a><\/p>\r\n<h5><br \/>Gestione dei cookie<\/h5>\r\n<p>Modificando le impostazioni del proprio browser l\u2019utente pu\u00f2 gestire, disabilitare e cancellare tutte le tipologie di cookie (tecnici, analytics e di profilazione).<\/p>\r\n<p>Di seguito viene indicato come reperire le istruzioni fornite dai produttori dei browser di navigazione pi\u00f9 diffusi:<\/p>\r\n<p>Explorer:\u00a0<a href=\"https:\/\/support.microsoft.com\/it-it\/help\/17442\/windows-internet-explorer-delete-manage-cookies\">https:\/\/support.microsoft.com\/it-it\/help\/17442\/windows-internet-explorer-delete-manage-cookies<\/a><\/p>\r\n<p>Chrome:\u00a0<a href=\"https:\/\/support.google.com\/chrome\/answer\/95647?hl=it\">https:\/\/support.google.com\/chrome\/answer\/95647?hl=it<\/a><\/p>\r\n<p>Firefox:<a href=\"https:\/\/support.mozilla.org\/it\/kb\/Gestione%20dei%20cookie\">https:\/\/support.mozilla.org\/it\/kb\/Gestione%20dei%20cookie<\/a><\/p>\r\n<p>Safari:\u00a0<a href=\"https:\/\/support.apple.com\/it-it\/guide\/safari\/sfri11471\/mac\">https:\/\/support.apple.com\/it-it\/guide\/safari\/sfri11471\/mac<\/a><\/p>\r\n<p>Opera:\u00a0<a href=\"https:\/\/blogs.opera.com\/news\/2015\/08\/how-to-manage-cookies-in-opera\/\">https:\/\/blogs.opera.com\/news\/2015\/08\/how-to-manage-cookies-in-opera\/<\/a><\/p>\r\n<p>Si precisa che bloccando tutti i cookie, compresi quelli tecnici, senza prevedere una specifica eccezione per il sito, l\u2019utente potrebbe non essere pi\u00f9 in grado di navigarvi o di usufruire, in tutto o in parte delle sue funzionalit\u00e0.<\/p>\r\n<h5>(III) Dati forniti dall\u2019utente.<\/h5>\r\n<p>L\u2019invio volontario di posta elettronica all\u2019 indirizzo indicato sul sito nelle apposite sezioni o alla form di contatto a tale scopo predisposte comporta l\u2019acquisizione\u00a0 dell\u2019indirizzo di posta elettronica e del nominativo ( nome e cognome) del mittente e di eventuali ulteriori informazioni dallo stesso volontariamente inserite\u00a0 nell\u2019apposito campo, necessari per evadere le domande.<\/p>\r\n<p>Specifiche informative verranno riportate nelle pagine del sito predisposte per servizi su richiesta.<br \/><br \/><\/p>\r\n<h5>Base giuridica e finalit\u00e0 del trattamento.<\/h5>\r\n<p>Il Trattamento \u00e8 fondato sul Suo consenso ed \u00e8 finalizzato a consentire la fruizione del sito e dei servizi richiesti nonch\u00e9 alle analisi statistiche.<br \/><br \/><\/p>\r\n<h5>Modalit\u00e0 del trattamento<\/h5>\r\n<p>\u00a0Il trattamento dei dati personali \u00e8 realizzato, anche con l\u2019ausilio di mezzi elettronici, per mezzo delle operazioni indicate all\u2019art. 4 n. 2 del GDPR e precisamente: il Trattamento dei dati personali potr\u00e0 consistere nella raccolta, registrazione, organizzazione, consultazione, blocco, comunicazione, cancellazione e distruzione dei dati.<\/p>\r\n<p>In ogni caso, il trattamento avverr\u00e0 con logiche strettamente correlate alle finalit\u00e0 sopra esposte, in modo da garantire la sicurezza e la riservatezza dei dati e, comunque, per la durata necessaria all\u2019espletamento delle finalit\u00e0 predette e secondo i periodi di conservazioni indicate nelle tabelle sopra indicate.<br \/><br \/><\/p>\r\n<h5>Obbligatoriet\u00e0 del conferimento dei dati.<\/h5>\r\n<p>I cookie di questo sito sono installati da soggetti terzi, che agiscono in qualit\u00e0 di autonomi titolari del trattamento. All\u2019accesso al sito viene visualizzato un apposito banner che informa che sul sito sono utilizzati dei cookie di terze parti e che, chiudendo il banner, si acconsente all\u2019uso dei cookie. Si tiene traccia del suo eventuale consenso all\u2019installazione di tali cookie attraverso un apposito cookie tecnico. In questo modo si evita di farle visualizzare il banner sui cookie nel corso delle successive visite al sito. Qualora l\u2019utente decidesse di eliminare il predetto cookie tecnico dal proprio browser con le modalit\u00e0 descritte nell\u2019informativa, la traccia del consenso andr\u00e0 persa e, pertanto nel corso della successiva visita al sito il banner sui cookie verr\u00e0 riproposto. L\u2019utente \u00e8 libero di bloccare l\u2019installazione dei cookie analytics in qualsiasi momento, senza che la possibilit\u00e0 di visitare il sito e fruire dei suoi contenuti sia in qualsiasi modo compromessa.<\/p>\r\n<p>Il conferimento dei dati personali nelle apposite sezioni predisposte \u00e8 facoltativo,\u00a0 tuttavia l\u2019eventuale rifiuto al conferimento comporter\u00e0 l\u2019impossibilit\u00e0 di evadere le domande.<br \/><br \/><\/p>\r\n<h5>4. Ambito di comunicazione dei dati<\/h5>\r\n<p>I dati raccolti verranno trattati esclusivamente da Responsabili od incaricati al trattamento e potranno essere comunicati ai seguenti soggetti:<\/p>\r\n<ul>\r\n<li>\u00a0I dati personali non saranno oggetto di diffusione.<br \/><br \/><\/li>\r\n<\/ul>\r\n<h5>7. Diritti dell\u2019interessato<\/h5>\r\n<p>In qualunque momento potr\u00e0 conoscere i dati che La riguardano, sapere come sono stati acquisiti, verificare se sono esatti, completi, aggiornati e ben custoditi, ricevere i dati in formato strutturato, di uso comune e leggibile da dispositivo automatico, revocare il consenso eventualmente prestato nonch\u00e9 proporre reclamo al Garante per la Protezione dei Dati Personali. Tali diritti possono essere esercitati attraverso specifica istanza da indirizzare tramite raccomandata \u2013 o posta elettronica- al Titolare del Trattamento.<br \/><br \/><\/p>\r\n<h5>8. Responsabile della Protezione dei dati<\/h5>\r\n<p>info@photochrome.it\u00a0\u00a0\u00a0\u00a0\u00a0\u00a0\u00a0\u00a0\u00a0\u00a0\u00a0\u00a0\u00a0\u00a0\u00a0\u00a0\u00a0\u00a0\u00a0\u00a0\u00a0\u00a0\u00a0\u00a0\u00a0\u00a0\u00a0\u00a0\u00a0\u00a0\u00a0\u00a0\u00a0\u00a0\u00a0\u00a0\u00a0\u00a0\u00a0\u00a0\u00a0\u00a0\u00a0\u00a0\u00a0\u00a0\u00a0\u00a0<\/p>\r\n<h5>Il Titolare del Trattamento.<\/h5>\r\n<p>PHOTOCHROME DI BELLUCCI F. &amp; C. S.A.S<\/p>\r\n<p>Via XI Febbraio 22 \u2013 50053 Empoli<\/p>\r\n<p>P.iva:01699510481<\/p>\r\n","protected":false},"excerpt":{"rendered":"<p>Informativa sul trattamento dei dati \u00a0resa ai sensi dell\u2019art. 13 del Regolamento Europeo n. 679\/16 La presente informativa \u00e8 resa a tutti gli utenti che navigano e utilizzano il sito \u201c\u00a0www.coni.it\u201d La validit\u00e0 dell\u2019informativa resa nella presente pagina \u00e8 limitata al solo sito e non&#8230;<\/p>\n","protected":false},"author":1,"featured_media":0,"parent":108,"menu_order":-1,"comment_status":"closed","ping_status":"closed","template":"","meta":{"_acf_changed":false,"inline_featured_image":false,"footnotes":""},"acf":[],"yoast_head":"<!-- This site is optimized with the Yoast SEO plugin v22.7 - https:\/\/yoast.com\/wordpress\/plugins\/seo\/ -->\n<title>Privacy Policy - Photochrome<\/title>\n<meta name=\"robots\" content=\"index, follow, max-snippet:-1, max-image-preview:large, max-video-preview:-1\" \/>\n<link rel=\"canonical\" href=\"https:\/\/photochrome.it\/?page_id=169\" \/>\n<meta property=\"og:locale\" content=\"it_IT\" \/>\n<meta property=\"og:type\" content=\"article\" \/>\n<meta property=\"og:title\" content=\"Privacy Policy - Photochrome\" \/>\n<meta property=\"og:description\" content=\"Informativa sul trattamento dei dati \u00a0resa ai sensi dell\u2019art. 13 del Regolamento Europeo n. 679\/16 La presente informativa \u00e8 resa a tutti gli utenti che navigano e utilizzano il sito \u201c\u00a0www.coni.it\u201d La validit\u00e0 dell\u2019informativa resa nella presente pagina \u00e8 limitata al solo sito e non...\" \/>\n<meta property=\"og:url\" content=\"https:\/\/photochrome.it\/?page_id=169\" \/>\n<meta property=\"og:site_name\" content=\"Photochrome\" \/>\n<meta property=\"article:modified_time\" content=\"2020-05-10T08:12:20+00:00\" \/>\n<meta name=\"twitter:card\" content=\"summary_large_image\" \/>\n<meta name=\"twitter:label1\" content=\"Tempo di lettura stimato\" \/>\n\t<meta name=\"twitter:data1\" content=\"7 minuti\" \/>\n<script type=\"application\/ld+json\" class=\"yoast-schema-graph\">{\"@context\":\"https:\/\/schema.org\",\"@graph\":[{\"@type\":\"WebPage\",\"@id\":\"https:\/\/photochrome.it\/?page_id=169\",\"url\":\"https:\/\/photochrome.it\/?page_id=169\",\"name\":\"Privacy Policy - Photochrome\",\"isPartOf\":{\"@id\":\"https:\/\/photochrome.it\/#website\"},\"datePublished\":\"2020-05-10T08:02:12+00:00\",\"dateModified\":\"2020-05-10T08:12:20+00:00\",\"breadcrumb\":{\"@id\":\"https:\/\/photochrome.it\/?page_id=169#breadcrumb\"},\"inLanguage\":\"it-IT\",\"potentialAction\":[{\"@type\":\"ReadAction\",\"target\":[\"https:\/\/photochrome.it\/?page_id=169\"]}]},{\"@type\":\"BreadcrumbList\",\"@id\":\"https:\/\/photochrome.it\/?page_id=169#breadcrumb\",\"itemListElement\":[{\"@type\":\"ListItem\",\"position\":1,\"name\":\"Home\",\"item\":\"https:\/\/photochrome.it\/\"},{\"@type\":\"ListItem\",\"position\":2,\"name\":\"Chi siamo\",\"item\":\"https:\/\/photochrome.it\/?page_id=108\"},{\"@type\":\"ListItem\",\"position\":3,\"name\":\"Privacy Policy\"}]},{\"@type\":\"WebSite\",\"@id\":\"https:\/\/photochrome.it\/#website\",\"url\":\"https:\/\/photochrome.it\/\",\"name\":\"Photochrome\",\"description\":\"Centro Stampe Digitali\",\"potentialAction\":[{\"@type\":\"SearchAction\",\"target\":{\"@type\":\"EntryPoint\",\"urlTemplate\":\"https:\/\/photochrome.it\/?s={search_term_string}\"},\"query-input\":\"required name=search_term_string\"}],\"inLanguage\":\"it-IT\"}]}<\/script>\n<!-- \/ Yoast SEO plugin. -->","yoast_head_json":{"title":"Privacy Policy - Photochrome","robots":{"index":"index","follow":"follow","max-snippet":"max-snippet:-1","max-image-preview":"max-image-preview:large","max-video-preview":"max-video-preview:-1"},"canonical":"https:\/\/photochrome.it\/?page_id=169","og_locale":"it_IT","og_type":"article","og_title":"Privacy Policy - Photochrome","og_description":"Informativa sul trattamento dei dati \u00a0resa ai sensi dell\u2019art. 13 del Regolamento Europeo n. 679\/16 La presente informativa \u00e8 resa a tutti gli utenti che navigano e utilizzano il sito \u201c\u00a0www.coni.it\u201d La validit\u00e0 dell\u2019informativa resa nella presente pagina \u00e8 limitata al solo sito e non...","og_url":"https:\/\/photochrome.it\/?page_id=169","og_site_name":"Photochrome","article_modified_time":"2020-05-10T08:12:20+00:00","twitter_card":"summary_large_image","twitter_misc":{"Tempo di lettura stimato":"7 minuti"},"schema":{"@context":"https:\/\/schema.org","@graph":[{"@type":"WebPage","@id":"https:\/\/photochrome.it\/?page_id=169","url":"https:\/\/photochrome.it\/?page_id=169","name":"Privacy Policy - Photochrome","isPartOf":{"@id":"https:\/\/photochrome.it\/#website"},"datePublished":"2020-05-10T08:02:12+00:00","dateModified":"2020-05-10T08:12:20+00:00","breadcrumb":{"@id":"https:\/\/photochrome.it\/?page_id=169#breadcrumb"},"inLanguage":"it-IT","potentialAction":[{"@type":"ReadAction","target":["https:\/\/photochrome.it\/?page_id=169"]}]},{"@type":"BreadcrumbList","@id":"https:\/\/photochrome.it\/?page_id=169#breadcrumb","itemListElement":[{"@type":"ListItem","position":1,"name":"Home","item":"https:\/\/photochrome.it\/"},{"@type":"ListItem","position":2,"name":"Chi siamo","item":"https:\/\/photochrome.it\/?page_id=108"},{"@type":"ListItem","position":3,"name":"Privacy Policy"}]},{"@type":"WebSite","@id":"https:\/\/photochrome.it\/#website","url":"https:\/\/photochrome.it\/","name":"Photochrome","description":"Centro Stampe Digitali","potentialAction":[{"@type":"SearchAction","target":{"@type":"EntryPoint","urlTemplate":"https:\/\/photochrome.it\/?s={search_term_string}"},"query-input":"required name=search_term_string"}],"inLanguage":"it-IT"}]}},"_links":{"self":[{"href":"https:\/\/photochrome.it\/index.php?rest_route=\/wp\/v2\/pages\/169"}],"collection":[{"href":"https:\/\/photochrome.it\/index.php?rest_route=\/wp\/v2\/pages"}],"about":[{"href":"https:\/\/photochrome.it\/index.php?rest_route=\/wp\/v2\/types\/page"}],"author":[{"embeddable":true,"href":"https:\/\/photochrome.it\/index.php?rest_route=\/wp\/v2\/users\/1"}],"replies":[{"embeddable":true,"href":"https:\/\/photochrome.it\/index.php?rest_route=%2Fwp%2Fv2%2Fcomments&post=169"}],"version-history":[{"count":2,"href":"https:\/\/photochrome.it\/index.php?rest_route=\/wp\/v2\/pages\/169\/revisions"}],"predecessor-version":[{"id":285,"href":"https:\/\/photochrome.it\/index.php?rest_route=\/wp\/v2\/pages\/169\/revisions\/285"}],"up":[{"embeddable":true,"href":"https:\/\/photochrome.it\/index.php?rest_route=\/wp\/v2\/pages\/108"}],"wp:attachment":[{"href":"https:\/\/photochrome.it\/index.php?rest_route=%2Fwp%2Fv2%2Fmedia&parent=169"}],"curies":[{"name":"wp","href":"https:\/\/api.w.org\/{rel}","templated":true}]}}